{"id":286,"date":"2026-03-04T12:37:19","date_gmt":"2026-03-04T12:37:19","guid":{"rendered":"https:\/\/matrizlofts.pt\/lofts\/industrial\/"},"modified":"2026-03-17T10:19:43","modified_gmt":"2026-03-17T10:19:43","slug":"industrial","status":"publish","type":"page","link":"https:\/\/matrizlofts.pt\/en\/lofts\/industrial\/","title":{"rendered":"industrial"},"content":{"rendered":"<div class=\"wpb-content-wrapper\"><p>[vc_row css=&#8221;.vc_custom_1772618384700{background-image: url(https:\/\/matrizlofts.pt\/wp-content\/uploads\/2026\/03\/big-pt-911-loft-industrial1jpg.jpg?id=112) !important;}&#8221; el_class=&#8221;escolhas-part1&#8243;][vc_column width=&#8221;1\/2&#8243;][\/vc_column][vc_column width=&#8221;1\/2&#8243; el_class=&#8221;escolhas1&#8243;][vc_column_text el_class=&#8221;escolhas-text1&#8243;]<\/p>\n<h3>loft<\/h3>\n<h1>Industrial<\/h1>\n<p>Voc\u00ea se imagina hospedado num apartamento elegante no cora\u00e7\u00e3o da cidade com seus espa\u00e7os abertos e ilumina\u00e7\u00e3o deslumbrante que se tornaram o sonho de quem aluga apartamentos em grandes cidades ao redor do mundo?[\/vc_column_text][vc_column_text el_class=&#8221;reserve&#8221;]<\/p>\n<p style=\"text-align: right;\"><a href=\"#book\">reserve j\u00e1<\/a><br \/>\n<img loading=\"lazy\" decoding=\"async\" class=\"alignnone size-full wp-image-19 alignright\" src=\"https:\/\/matrizlofts.pt\/wp-content\/uploads\/2026\/02\/Seta_azul.png\" alt=\"\" width=\"70\" height=\"22\" \/><\/p>\n<p>[\/vc_column_text][\/vc_column][vc_column][vc_column_text el_class=&#8221;escolhas-vertical&#8221;]os nossos apartamentos[\/vc_column_text][\/vc_column][\/vc_row][vc_row el_class=&#8221;existe&#8221;][vc_column][vc_row_inner][vc_column_inner width=&#8221;1\/4&#8243;][vc_column_text el_class=&#8221;nome&#8221;]capacidade[\/vc_column_text][vc_column_text el_class=&#8221;texto-nome&#8221;]at\u00e9 3 pessoas[\/vc_column_text][\/vc_column_inner][vc_column_inner width=&#8221;1\/4&#8243;][vc_column_text el_class=&#8221;nome&#8221;]aquecimento[\/vc_column_text][vc_column_text el_class=&#8221;texto-nome&#8221;]Ar condicionado[\/vc_column_text][\/vc_column_inner][vc_column_inner width=&#8221;1\/4&#8243;][vc_column_text el_class=&#8221;nome&#8221;]tv[\/vc_column_text][vc_column_text el_class=&#8221;texto-nome&#8221;]TV a cabo<\/p>\n<p>[\/vc_column_text][\/vc_column_inner][vc_column_inner width=&#8221;1\/4&#8243;][vc_column_text el_class=&#8221;nome&#8221;]wifi[\/vc_column_text][vc_column_text el_class=&#8221;texto-nome&#8221;]acesso gratuito[\/vc_column_text][\/vc_column_inner][\/vc_row_inner][vc_row_inner][vc_column_inner width=&#8221;1\/4&#8243;][vc_column_text el_class=&#8221;nome&#8221;]casas de banho[\/vc_column_text][vc_column_text el_class=&#8221;texto-nome&#8221;]1 casa de banho[\/vc_column_text][\/vc_column_inner][vc_column_inner width=&#8221;1\/4&#8243;][vc_column_text el_class=&#8221;nome&#8221;]quartos[\/vc_column_text][vc_column_text el_class=&#8221;texto-nome&#8221;]1 quarto equipado com cama escandinava confort\u00e1vel[\/vc_column_text][\/vc_column_inner][vc_column_inner width=&#8221;1\/4&#8243;][vc_column_text el_class=&#8221;nome&#8221;]living room[\/vc_column_text][vc_column_text el_class=&#8221;texto-nome&#8221;]1 sof\u00e1-cama extra[\/vc_column_text][\/vc_column_inner][vc_column_inner width=&#8221;1\/4&#8243;][vc_column_text el_class=&#8221;nome&#8221;]cozinha[\/vc_column_text][vc_column_text el_class=&#8221;texto-nome&#8221;]totalmente equipada com aparelhos profissionais Miele[\/vc_column_text][\/vc_column_inner][\/vc_row_inner][\/vc_column][\/vc_row][vc_row el_class=&#8221;explicacao&#8221;][vc_column width=&#8221;1\/2&#8243; el_class=&#8221;explicacao-text&#8221;][vc_column_text el_class=&#8221;text-ex&#8221;]<\/p>\n<h2 style=\"text-align: center;\">industrial loft<\/h2>\n<p style=\"text-align: center;\">Um t\u00edpico apartamento em estilo loft com espa\u00e7o aberto, piso de madeira, paredes de tijolo, grandes janelas, tectos altos e uma lareira que \u00e9 um destaque absoluto deste apartamento. Este loft tamb\u00e9m oferece uma incr\u00edvel ilha na cozinha e um refrigerador de vinho que criam um ambiente \u00fanico no apartamento. Os tons s\u00e3o escolhidos em sua maioria neutros, com ilumina\u00e7\u00e3o aconchegante e tecidos suaves que tornam o apartamento muito acolhedor.<\/p>\n<p>[\/vc_column_text][vc_single_image image=&#8221;115&#8243; img_size=&#8221;full&#8221;][\/vc_column][vc_column width=&#8221;1\/2&#8243; css=&#8221;.vc_custom_1772621414515{background-image: url(https:\/\/matrizlofts.pt\/wp-content\/uploads\/2026\/03\/big-pt-394-loft-industrial2jpg.jpg?id=113) !important;}&#8221; el_class=&#8221;explicacao-fundo&#8221;][\/vc_column][\/vc_row][vc_row][vc_column][vc_column_text el_class=&#8221;explicacao2&#8243;]<\/p>\n<p style=\"text-align: center;\">Electrodom\u00e9sticos Miele de alta qualidade, incluindo m\u00e1quina de lavar loi\u00e7a, m\u00e1quina de lavar e secar roupa, bem como totalmente equipados com todo o necess\u00e1rio para preparar as suas pr\u00f3prias refei\u00e7\u00f5es.<\/p>\n<p>[\/vc_column_text][\/vc_column][\/vc_row][vc_row el_class=&#8221;row-full&#8221;][vc_column][vc_row_inner el_class=&#8221;slide-slick&#8221;][vc_column_inner][vc_single_image image=&#8221;233&#8243; img_size=&#8221;full&#8221;][vc_single_image image=&#8221;162&#8243; img_size=&#8221;full&#8221;][vc_single_image image=&#8221;112&#8243; img_size=&#8221;full&#8221;][\/vc_column_inner][\/vc_row_inner][\/vc_column][\/vc_row][vc_row el_class=&#8221;slide-5&#8243; el_id=&#8221;book&#8221;][vc_column][vc_raw_html]JTNDaWZyYW1lJTIwc3JjJTNEJTIyaHR0cHMlM0ElMkYlMkZtYXRyaXotbG9mdHMuYW1lbml0aXouaW8lMkZwdCUyRmJvb2tpbmclMkZyb29tJTIyJTIwJTBBJTIwJTIwJTIwJTIwJTIwJTIwJTIwJTIwZnJhbWVib3JkZXIlM0QlMjIwJTIyJTBBc3R5bGUlM0QlMjIlMEElMjAlMjAlMjAlMjBoZWlnaHQlM0ElMjAxMDB2aCUzQiUwQSUyMCUyMCUyMCUyMHdpZHRoJTNBJTIwMTAwJTI1JTNCJTBBJTIwJTIwJTIwJTIwcG9zaXRpb24lM0ElMjBhYnNvbHV0ZSUzQiUwQSUyMiUzRSUwQSUzQyUyRmlmcmFtZSUzRQ==[\/vc_raw_html][vc_single_image image=&#8221;16&#8243; img_size=&#8221;full&#8221;][\/vc_column][\/vc_row]<\/p>\n<\/div>","protected":false},"excerpt":{"rendered":"<p>[vc_row css=&#8221;.vc_custom_1772618384700{background-image: url(https:\/\/matrizlofts.pt\/wp-content\/uploads\/2026\/03\/big-pt-911-loft-industrial1jpg.jpg?id=112) !important;}&#8221; el_class=&#8221;escolhas-part1&#8243;][vc_column width=&#8221;1\/2&#8243;][\/vc_column][vc_column width=&#8221;1\/2&#8243; el_class=&#8221;escolhas1&#8243;][vc_column_text el_class=&#8221;escolhas-text1&#8243;] loft Industrial Voc\u00ea se imagina hospedado num apartamento elegante no cora\u00e7\u00e3o da cidade com seus espa\u00e7os abertos e ilumina\u00e7\u00e3o deslumbrante que se tornaram o sonho de quem aluga apartamentos em grandes cidades ao redor do mundo?[\/vc_column_text][vc_column_text el_class=&#8221;reserve&#8221;] reserve j\u00e1 [\/vc_column_text][\/vc_column][vc_column][vc_column_text el_class=&#8221;escolhas-vertical&#8221;]os nossos apartamentos[\/vc_column_text][\/vc_column][\/vc_row][vc_row el_class=&#8221;existe&#8221;][vc_column][vc_row_inner][vc_column_inner width=&#8221;1\/4&#8243;][vc_column_text el_class=&#8221;nome&#8221;]capacidade[\/vc_column_text][vc_column_text [&hellip;]<\/p>\n","protected":false},"author":1,"featured_media":0,"parent":281,"menu_order":0,"comment_status":"closed","ping_status":"closed","template":"","meta":{"footnotes":""},"class_list":["post-286","page","type-page","status-publish","hentry"],"_links":{"self":[{"href":"https:\/\/matrizlofts.pt\/en\/wp-json\/wp\/v2\/pages\/286","targetHints":{"allow":["GET"]}}],"collection":[{"href":"https:\/\/matrizlofts.pt\/en\/wp-json\/wp\/v2\/pages"}],"about":[{"href":"https:\/\/matrizlofts.pt\/en\/wp-json\/wp\/v2\/types\/page"}],"author":[{"embeddable":true,"href":"https:\/\/matrizlofts.pt\/en\/wp-json\/wp\/v2\/users\/1"}],"replies":[{"embeddable":true,"href":"https:\/\/matrizlofts.pt\/en\/wp-json\/wp\/v2\/comments?post=286"}],"version-history":[{"count":0,"href":"https:\/\/matrizlofts.pt\/en\/wp-json\/wp\/v2\/pages\/286\/revisions"}],"up":[{"embeddable":true,"href":"https:\/\/matrizlofts.pt\/en\/wp-json\/wp\/v2\/pages\/281"}],"wp:attachment":[{"href":"https:\/\/matrizlofts.pt\/en\/wp-json\/wp\/v2\/media?parent=286"}],"curies":[{"name":"wp","href":"https:\/\/api.w.org\/{rel}","templated":true}]}}