{"id":282,"date":"2026-03-04T09:04:33","date_gmt":"2026-03-04T09:04:33","guid":{"rendered":"https:\/\/matrizlofts.pt\/azores\/"},"modified":"2026-03-17T10:26:25","modified_gmt":"2026-03-17T10:26:25","slug":"azores","status":"publish","type":"page","link":"https:\/\/matrizlofts.pt\/en\/lofts\/azores\/","title":{"rendered":"Azores"},"content":{"rendered":"<div class=\"wpb-content-wrapper\"><p>[vc_row css=&#8221;.vc_custom_1772618384700{background-image: url(https:\/\/matrizlofts.pt\/wp-content\/uploads\/2026\/03\/big-pt-911-loft-industrial1jpg.jpg?id=112) !important;}&#8221; el_class=&#8221;escolhas-part1&#8243;][vc_column width=&#8221;1\/2&#8243;][\/vc_column][vc_column width=&#8221;1\/2&#8243; el_class=&#8221;escolhas1&#8243;][vc_column_text el_class=&#8221;escolhas-text1&#8243;]<\/p>\n<h3>loft<\/h3>\n<h1>Azores<\/h1>\n<p>Este apartamento que se inspira na natureza a\u00e7oriana, est\u00e1 equipado com v\u00e1rias decora\u00e7\u00f5es \u00fanicas que o tornam num local t\u00e3o especial[\/vc_column_text][vc_column_text el_class=&#8221;reserve&#8221;]<\/p>\n<p style=\"text-align: right;\"><a href=\"#book\">reserve j\u00e1<\/a><br \/>\n<img loading=\"lazy\" decoding=\"async\" class=\"alignnone size-full wp-image-19 alignright\" src=\"https:\/\/matrizlofts.pt\/wp-content\/uploads\/2026\/02\/Seta_azul.png\" alt=\"\" width=\"70\" height=\"22\" \/><\/p>\n<p>[\/vc_column_text][\/vc_column][vc_column][vc_column_text el_class=&#8221;escolhas-vertical&#8221;]os nossos apartamentos[\/vc_column_text][\/vc_column][\/vc_row][vc_row el_class=&#8221;existe&#8221;][vc_column][vc_row_inner][vc_column_inner width=&#8221;1\/4&#8243;][vc_column_text el_class=&#8221;nome&#8221;]capacidade[\/vc_column_text][vc_column_text el_class=&#8221;texto-nome&#8221;]at\u00e9 5 pessoas<br \/>\n[\/vc_column_text][\/vc_column_inner][vc_column_inner width=&#8221;1\/4&#8243;][vc_column_text el_class=&#8221;nome&#8221;]aquecimento[\/vc_column_text][vc_column_text el_class=&#8221;texto-nome&#8221;]Ar condicionado[\/vc_column_text][\/vc_column_inner][vc_column_inner width=&#8221;1\/4&#8243;][vc_column_text el_class=&#8221;nome&#8221;]tv[\/vc_column_text][vc_column_text el_class=&#8221;texto-nome&#8221;]TV a cabo<\/p>\n<p>[\/vc_column_text][\/vc_column_inner][vc_column_inner width=&#8221;1\/4&#8243;][vc_column_text el_class=&#8221;nome&#8221;]wifi[\/vc_column_text][vc_column_text el_class=&#8221;texto-nome&#8221;]acesso gratuito[\/vc_column_text][\/vc_column_inner][\/vc_row_inner][vc_row_inner][vc_column_inner width=&#8221;1\/4&#8243;][vc_column_text el_class=&#8221;nome&#8221;]casas de banho[\/vc_column_text][vc_column_text el_class=&#8221;texto-nome&#8221;]1 casa de banho[\/vc_column_text][\/vc_column_inner][vc_column_inner width=&#8221;1\/4&#8243;][vc_column_text el_class=&#8221;nome&#8221;]quartos[\/vc_column_text][vc_column_text el_class=&#8221;texto-nome&#8221;]1 quarto equipado com cama escandinava confort\u00e1vel[\/vc_column_text][\/vc_column_inner][vc_column_inner width=&#8221;1\/4&#8243;][vc_column_text el_class=&#8221;nome&#8221;]living room[\/vc_column_text][vc_column_text el_class=&#8221;texto-nome&#8221;]2 sof\u00e1-cama extra[\/vc_column_text][\/vc_column_inner][vc_column_inner width=&#8221;1\/4&#8243;][vc_column_text el_class=&#8221;nome&#8221;]cozinha[\/vc_column_text][vc_column_text el_class=&#8221;texto-nome&#8221;]totalmente equipada com aparelhos profissionais Miele[\/vc_column_text][\/vc_column_inner][\/vc_row_inner][\/vc_column][\/vc_row][vc_row el_class=&#8221;explicacao&#8221;][vc_column width=&#8221;1\/2&#8243; el_class=&#8221;explicacao-text&#8221;][vc_column_text el_class=&#8221;text-ex&#8221;]<\/p>\n<h2 style=\"text-align: center;\">azores loft<\/h2>\n<p style=\"text-align: center;\">O conceito deste apartamento surgiu na utiliza\u00e7\u00e3o de materiais simples mas requintados como a criptom\u00e9ria com a integra\u00e7\u00e3o de um toque glorioso de cores e decora\u00e7\u00f5es l\u00fadicas. Existe tamb\u00e9m um acolhedor terra\u00e7o privado com a mais bela vista para a igreja que pode dar-lhe uma perspectiva diferente da cidade de Ponta Delgada. Este \u00e9 o maior apartamento que oferecemos, que possui uma espa\u00e7osa sala de estar e uma cozinha com uma \u00e1rea de estar adicional.<\/p>\n<p>[\/vc_column_text][vc_single_image image=&#8221;115&#8243; img_size=&#8221;full&#8221;][\/vc_column][vc_column width=&#8221;1\/2&#8243; css=&#8221;.vc_custom_1772621414515{background-image: url(https:\/\/matrizlofts.pt\/wp-content\/uploads\/2026\/03\/big-pt-394-loft-industrial2jpg.jpg?id=113) !important;}&#8221; el_class=&#8221;explicacao-fundo&#8221;][\/vc_column][\/vc_row][vc_row][vc_column][vc_column_text el_class=&#8221;explicacao2&#8243;]<\/p>\n<p style=\"text-align: center;\">Com acabamentos de alto padr\u00e3o, muita luz natural, aten\u00e7\u00e3o aos detalhes e decora\u00e7\u00e3o simples e elegante.<\/p>\n<p>[\/vc_column_text][\/vc_column][\/vc_row][vc_row el_class=&#8221;row-full&#8221;][vc_column][vc_row_inner el_class=&#8221;slide-slick&#8221;][vc_column_inner][vc_single_image image=&#8221;233&#8243; img_size=&#8221;full&#8221;][vc_single_image image=&#8221;162&#8243; img_size=&#8221;full&#8221;][vc_single_image image=&#8221;112&#8243; img_size=&#8221;full&#8221;][\/vc_column_inner][\/vc_row_inner][\/vc_column][\/vc_row][vc_row el_class=&#8221;slide-5&#8243; el_id=&#8221;book&#8221;][vc_column][vc_raw_html]JTNDaWZyYW1lJTIwc3JjJTNEJTIyaHR0cHMlM0ElMkYlMkZtYXRyaXotbG9mdHMuYW1lbml0aXouaW8lMkZwdCUyRmJvb2tpbmclMkZyb29tJTIyJTIwJTBBJTIwJTIwJTIwJTIwJTIwJTIwJTIwJTIwZnJhbWVib3JkZXIlM0QlMjIwJTIyJTBBc3R5bGUlM0QlMjIlMEElMjAlMjAlMjAlMjBoZWlnaHQlM0ElMjAxMDB2aCUzQiUwQSUyMCUyMCUyMCUyMHdpZHRoJTNBJTIwMTAwJTI1JTNCJTBBJTIwJTIwJTIwJTIwcG9zaXRpb24lM0ElMjBhYnNvbHV0ZSUzQiUwQSUyMiUzRSUwQSUzQyUyRmlmcmFtZSUzRQ==[\/vc_raw_html][vc_single_image image=&#8221;16&#8243; img_size=&#8221;full&#8221;][\/vc_column][\/vc_row]<\/p>\n<\/div>","protected":false},"excerpt":{"rendered":"<p>[vc_row css=&#8221;.vc_custom_1772618384700{background-image: url(https:\/\/matrizlofts.pt\/wp-content\/uploads\/2026\/03\/big-pt-911-loft-industrial1jpg.jpg?id=112) !important;}&#8221; el_class=&#8221;escolhas-part1&#8243;][vc_column width=&#8221;1\/2&#8243;][\/vc_column][vc_column width=&#8221;1\/2&#8243; el_class=&#8221;escolhas1&#8243;][vc_column_text el_class=&#8221;escolhas-text1&#8243;] loft Azores Este apartamento que se inspira na natureza a\u00e7oriana, est\u00e1 equipado com v\u00e1rias decora\u00e7\u00f5es \u00fanicas que o tornam num local t\u00e3o especial[\/vc_column_text][vc_column_text el_class=&#8221;reserve&#8221;] reserve j\u00e1 [\/vc_column_text][\/vc_column][vc_column][vc_column_text el_class=&#8221;escolhas-vertical&#8221;]os nossos apartamentos[\/vc_column_text][\/vc_column][\/vc_row][vc_row el_class=&#8221;existe&#8221;][vc_column][vc_row_inner][vc_column_inner width=&#8221;1\/4&#8243;][vc_column_text el_class=&#8221;nome&#8221;]capacidade[\/vc_column_text][vc_column_text el_class=&#8221;texto-nome&#8221;]at\u00e9 5 pessoas [\/vc_column_text][\/vc_column_inner][vc_column_inner width=&#8221;1\/4&#8243;][vc_column_text el_class=&#8221;nome&#8221;]aquecimento[\/vc_column_text][vc_column_text el_class=&#8221;texto-nome&#8221;]Ar condicionado[\/vc_column_text][\/vc_column_inner][vc_column_inner width=&#8221;1\/4&#8243;][vc_column_text el_class=&#8221;nome&#8221;]tv[\/vc_column_text][vc_column_text el_class=&#8221;texto-nome&#8221;]TV a cabo [&hellip;]<\/p>\n","protected":false},"author":1,"featured_media":0,"parent":281,"menu_order":0,"comment_status":"closed","ping_status":"closed","template":"","meta":{"footnotes":""},"class_list":["post-282","page","type-page","status-publish","hentry"],"_links":{"self":[{"href":"https:\/\/matrizlofts.pt\/en\/wp-json\/wp\/v2\/pages\/282","targetHints":{"allow":["GET"]}}],"collection":[{"href":"https:\/\/matrizlofts.pt\/en\/wp-json\/wp\/v2\/pages"}],"about":[{"href":"https:\/\/matrizlofts.pt\/en\/wp-json\/wp\/v2\/types\/page"}],"author":[{"embeddable":true,"href":"https:\/\/matrizlofts.pt\/en\/wp-json\/wp\/v2\/users\/1"}],"replies":[{"embeddable":true,"href":"https:\/\/matrizlofts.pt\/en\/wp-json\/wp\/v2\/comments?post=282"}],"version-history":[{"count":0,"href":"https:\/\/matrizlofts.pt\/en\/wp-json\/wp\/v2\/pages\/282\/revisions"}],"up":[{"embeddable":true,"href":"https:\/\/matrizlofts.pt\/en\/wp-json\/wp\/v2\/pages\/281"}],"wp:attachment":[{"href":"https:\/\/matrizlofts.pt\/en\/wp-json\/wp\/v2\/media?parent=282"}],"curies":[{"name":"wp","href":"https:\/\/api.w.org\/{rel}","templated":true}]}}