{"id":278,"date":"2026-02-26T16:15:39","date_gmt":"2026-02-26T16:15:39","guid":{"rendered":"https:\/\/matrizlofts.pt\/homepage\/"},"modified":"2026-03-13T09:57:37","modified_gmt":"2026-03-13T09:57:37","slug":"homepage","status":"publish","type":"page","link":"https:\/\/matrizlofts.pt\/en\/","title":{"rendered":"homepage"},"content":{"rendered":"<div class=\"wpb-content-wrapper\"><p>[vc_row el_class=&#8221;slide-1&#8243;][vc_column width=&#8221;1\/2&#8243; el_class=&#8221;slide-1-left&#8221; css=&#8221;.vc_custom_1772195577769{background-image: url(https:\/\/matrizlofts.pt\/wp-content\/uploads\/2026\/02\/big-pt-599-home-1jpg.jpg?id=11) !important;}&#8221;][vc_single_image image=&#8221;16&#8243; img_size=&#8221;full&#8221;][\/vc_column][vc_column width=&#8221;1\/2&#8243; el_class=&#8221;slide-1-right&#8221;][vc_single_image image=&#8221;23&#8243; img_size=&#8221;full&#8221; alignment=&#8221;center&#8221;][vc_column_text el_class=&#8221;headerExtra&#8221;]<div class=\"pa-language-switcher\" style=\"--lang-color:#c75b4d;\"><a class=\"pa-language-switcher__item\" href=\"https:\/\/matrizlofts.pt\/\">PT<\/a><span class=\"pa-language-divider\"><\/span><span class=\"pa-language-switcher__item is-active\">EN<\/span><\/div>[\/vc_column_text][\/vc_column][\/vc_row][vc_row el_class=&#8221;slide-2&#8243;][vc_column width=&#8221;1\/2&#8243; el_class=&#8221;slide-2-left&#8221;][vc_column_text el_class=&#8221;headerExtra&#8221;]<div class=\"pa-language-switcher\" style=\"--lang-color:#c75b4d;\"><a class=\"pa-language-switcher__item\" href=\"https:\/\/matrizlofts.pt\/\">PT<\/a><span class=\"pa-language-divider\"><\/span><span class=\"pa-language-switcher__item is-active\">EN<\/span><\/div>[\/vc_column_text][vc_column_text]<\/p>\n<h2 style=\"text-align: center;\">sobre<br \/>\nMatriz Lofts<\/h2>\n<p>[\/vc_column_text][vc_column_text]<\/p>\n<p style=\"text-align: center;\">Situado no cora\u00e7\u00e3o de Ponta Delgada, Matriz Lofts oferece 3 apartamentos em open space com acabamentos de alto padr\u00e3o com tudo o que precisa para uma estadia confort\u00e1vel.<\/p>\n<p>[\/vc_column_text][vc_column_text el_class=&#8221;vermais&#8221;]<a href=\"\/matriz-lofts\/lofts\/\">ver mais<br \/>\n<img loading=\"lazy\" decoding=\"async\" class=\"alignnone size-full wp-image-20\" src=\"https:\/\/matrizlofts.pt\/wp-content\/uploads\/2026\/02\/Group-Copy-2.png\" alt=\"\" width=\"35\" height=\"10\" \/><\/a>[\/vc_column_text][\/vc_column][vc_column width=&#8221;1\/2&#8243; el_class=&#8221;slide-2-right&#8221; css=&#8221;.vc_custom_1772203361044{background-image: url(https:\/\/matrizlofts.pt\/wp-content\/uploads\/2026\/02\/big-pt-7-home-3jpg.jpg?id=14) !important;}&#8221;][vc_single_image image=&#8221;21&#8243; img_size=&#8221;full&#8221; onclick=&#8221;custom_link&#8221; link=&#8221;#book&#8221;][\/vc_column][\/vc_row][vc_row el_class=&#8221;slide-3&#8243;][vc_column width=&#8221;1\/2&#8243; el_class=&#8221;slide-3-left&#8221; css=&#8221;.vc_custom_1772203436101{background-image: url(https:\/\/matrizlofts.pt\/wp-content\/uploads\/2026\/02\/big-pt-388-home-2jpg.jpg?id=13) !important;}&#8221;][vc_single_image image=&#8221;18&#8243; img_size=&#8221;full&#8221; onclick=&#8221;custom_link&#8221; link=&#8221;#book&#8221;][\/vc_column][vc_column width=&#8221;1\/2&#8243; el_class=&#8221;slide-3-right&#8221;][vc_column_text el_class=&#8221;headerExtra&#8221;]<div class=\"pa-language-switcher\" style=\"--lang-color:#f2f0eb;\"><a class=\"pa-language-switcher__item\" href=\"https:\/\/matrizlofts.pt\/\">PT<\/a><span class=\"pa-language-divider\"><\/span><span class=\"pa-language-switcher__item is-active\">EN<\/span><\/div>[\/vc_column_text][vc_column_text]<\/p>\n<h2 style=\"text-align: center;\">Encontre<br \/>\no seu loft<\/h2>\n<p>[\/vc_column_text][vc_column_text]<\/p>\n<p style=\"text-align: center;\">Matriz Lofts est\u00e3o localizados no centro de Ponta Delgada, Ilha de S\u00e3o Miguel, arquip\u00e9lago dos A\u00e7ores. Situa-se a poucos metros do Oceano com piscinas naturais, mercearias, restaurantes e farm\u00e1cias.<\/p>\n<p>[\/vc_column_text][vc_column_text el_class=&#8221;vermais&#8221;]<a href=\"\/matriz-lofts\/about-us\/\">ver mais<br \/>\n<img loading=\"lazy\" decoding=\"async\" class=\"alignnone size-full wp-image-19\" src=\"https:\/\/matrizlofts.pt\/wp-content\/uploads\/2026\/02\/Seta_azul.png\" alt=\"\" width=\"70\" height=\"22\" \/><\/a>[\/vc_column_text][\/vc_column][\/vc_row][vc_row el_class=&#8221;slide-4&#8243;][vc_column width=&#8221;1\/2&#8243; el_class=&#8221;slide-4-left&#8221;][vc_column_text el_class=&#8221;headerExtra&#8221;]<div class=\"pa-language-switcher\" style=\"--lang-color:#f2f0eb;\"><a class=\"pa-language-switcher__item\" href=\"https:\/\/matrizlofts.pt\/\">PT<\/a><span class=\"pa-language-divider\"><\/span><span class=\"pa-language-switcher__item is-active\">EN<\/span><\/div>[\/vc_column_text][vc_column_text]<\/p>\n<h2 style=\"text-align: center;\">Alguma pergunta?<br \/>\nEstamos aqui para ajudar<\/h2>\n<p>[\/vc_column_text][vc_column_text]<\/p>\n<p style=\"text-align: center;\">Caso necessite de mais informa\u00e7\u00f5es, n\u00e3o hesite em contactar-nos a qualquer momento, teremos o maior prazer em ajud\u00e1-lo!<\/p>\n<p>[\/vc_column_text][vc_column_text el_class=&#8221;contactosB&#8221;]<a href=\"\/matriz-lofts\/contato\/\">contactos<br \/>\n<img loading=\"lazy\" decoding=\"async\" class=\"alignnone size-full wp-image-19\" src=\"https:\/\/matrizlofts.pt\/wp-content\/uploads\/2026\/02\/Seta_azul.png\" alt=\"\" width=\"70\" height=\"22\" \/><\/a>[\/vc_column_text][\/vc_column][vc_column width=&#8221;1\/2&#8243; el_class=&#8221;slide-4-right&#8221; css=&#8221;.vc_custom_1772203487430{background-image: url(https:\/\/matrizlofts.pt\/wp-content\/uploads\/2026\/02\/big-pt-399-home-4jpg.jpg?id=12) !important;}&#8221;][vc_single_image image=&#8221;18&#8243; img_size=&#8221;full&#8221; onclick=&#8221;custom_link&#8221; link=&#8221;#book&#8221;][\/vc_column][\/vc_row][vc_row el_class=&#8221;slide-5&#8243; el_id=&#8221;book&#8221;][vc_column][vc_column_text]<\/p>\n<h2 style=\"text-align: center;\">fa\u00e7a aqui<br \/>\na sua reserva<\/h2>\n<p>[\/vc_column_text][vc_raw_html]JTNDZm9ybSUyMGlkJTNEJTIyYm9va2luZ0Zvcm0lMjIlMjBhY3Rpb24lM0QlMjJodHRwcyUzQSUyRiUyRm1hdHJpei1sb2Z0cy5hbWVuaXRpei5pbyUyRnB0JTJGYm9va2luZyUyRnJvb20lMjIlMjBtZXRob2QlM0QlMjJnZXQlMjIlM0UlMEElMjAlMjAlM0NsYWJlbCUzRUNoZWNrJTIwaW4lMjAlMkElM0NpbnB1dCUyMG5hbWUlM0QlMjJzdGFydF9kYXRlJTIyJTIwdHlwZSUzRCUyMmRhdGUlMjIlMjByZXF1aXJlZCUzRCUyMiUyMiUyMHRhYmluZGV4JTNEJTIyMCUyMiUzRSUzQyUyRmxhYmVsJTNFJTBBJTIwJTIwJTNDbGFiZWwlM0VDaGVjayUyMG91dCUyMCUyQSUzQ2lucHV0JTIwbmFtZSUzRCUyMmVuZF9kYXRlJTIyJTIwdHlwZSUzRCUyMmRhdGUlMjIlMjByZXF1aXJlZCUzRCUyMiUyMiUyMHRhYmluZGV4JTNEJTIyMCUyMiUzRSUzQyUyRmxhYmVsJTNFJTBBJTIwJTIwJTNDbGFiZWwlM0VIJUMzJUIzc3BlZGVzJTIwJTJBJTNDaW5wdXQlMjBtaW4lM0QlMjIxJTIyJTIwbmFtZSUzRCUyMmFkdWx0cyUyMiUyMHR5cGUlM0QlMjJudW1iZXIlMjIlMjByZXF1aXJlZCUzRCUyMiUyMiUyMHRhYmluZGV4JTNEJTIyMCUyMiUzRSUzQyUyRmxhYmVsJTNFJTBBJTBBJTIwJTIwJTNDaW5wdXQlMjBuYW1lJTNEJTIyY2hpbGRyZW4lMjIlMjB0eXBlJTNEJTIyaGlkZGVuJTIyJTIwdmFsdWUlM0QlMjIwJTIyJTIwdGFiaW5kZXglM0QlMjIwJTIyJTNFJTBBJTBBJTIwJTIwJTNDcCUzRSUyQVByZWVuY2hhJTIwcGYlMjB0b2RvcyUyMG9zJTIwY2FtcG9zJTIwb2JyaWdhdCVDMyVCM3Jpb3MlM0MlMkZwJTNFJTBBJTIwJTIwJTNDYnV0dG9uJTIwY2xhc3MlM0QlMjJlbnZpb0hvc3QlMjIlMjBuYW1lJTNEJTIyZW52aWElMjIlMjB0eXBlJTNEJTIyc3VibWl0JTIyJTIwdGFiaW5kZXglM0QlMjIwJTIyJTNFYm9vayUzQ2JyJTNFbm93JTNDJTJGYnV0dG9uJTNFJTBBJTNDJTJGZm9ybSUzRQ==[\/vc_raw_html][vc_single_image image=&#8221;16&#8243; img_size=&#8221;full&#8221;][\/vc_column][\/vc_row]<\/p>\n<\/div>","protected":false},"excerpt":{"rendered":"<p>[vc_row el_class=&#8221;slide-1&#8243;][vc_column width=&#8221;1\/2&#8243; el_class=&#8221;slide-1-left&#8221; css=&#8221;.vc_custom_1772195577769{background-image: url(https:\/\/matrizlofts.pt\/wp-content\/uploads\/2026\/02\/big-pt-599-home-1jpg.jpg?id=11) !important;}&#8221;][vc_single_image image=&#8221;16&#8243; img_size=&#8221;full&#8221;][\/vc_column][vc_column width=&#8221;1\/2&#8243; el_class=&#8221;slide-1-right&#8221;][vc_single_image image=&#8221;23&#8243; img_size=&#8221;full&#8221; alignment=&#8221;center&#8221;][vc_column_text el_class=&#8221;headerExtra&#8221;][\/vc_column_text][\/vc_column][\/vc_row][vc_row el_class=&#8221;slide-2&#8243;][vc_column width=&#8221;1\/2&#8243; el_class=&#8221;slide-2-left&#8221;][vc_column_text el_class=&#8221;headerExtra&#8221;][\/vc_column_text][vc_column_text] sobre Matriz Lofts [\/vc_column_text][vc_column_text] Situado no cora\u00e7\u00e3o de Ponta Delgada, Matriz Lofts oferece 3 apartamentos em open space com acabamentos de alto padr\u00e3o com tudo o que precisa para uma estadia confort\u00e1vel. [\/vc_column_text][vc_column_text el_class=&#8221;vermais&#8221;]ver mais [\/vc_column_text][\/vc_column][vc_column [&hellip;]<\/p>\n","protected":false},"author":1,"featured_media":0,"parent":0,"menu_order":0,"comment_status":"closed","ping_status":"closed","template":"","meta":{"footnotes":""},"class_list":["post-278","page","type-page","status-publish","hentry"],"_links":{"self":[{"href":"https:\/\/matrizlofts.pt\/en\/wp-json\/wp\/v2\/pages\/278","targetHints":{"allow":["GET"]}}],"collection":[{"href":"https:\/\/matrizlofts.pt\/en\/wp-json\/wp\/v2\/pages"}],"about":[{"href":"https:\/\/matrizlofts.pt\/en\/wp-json\/wp\/v2\/types\/page"}],"author":[{"embeddable":true,"href":"https:\/\/matrizlofts.pt\/en\/wp-json\/wp\/v2\/users\/1"}],"replies":[{"embeddable":true,"href":"https:\/\/matrizlofts.pt\/en\/wp-json\/wp\/v2\/comments?post=278"}],"version-history":[{"count":0,"href":"https:\/\/matrizlofts.pt\/en\/wp-json\/wp\/v2\/pages\/278\/revisions"}],"wp:attachment":[{"href":"https:\/\/matrizlofts.pt\/en\/wp-json\/wp\/v2\/media?parent=278"}],"curies":[{"name":"wp","href":"https:\/\/api.w.org\/{rel}","templated":true}]}}