{"id":275,"date":"2026-03-02T13:01:27","date_gmt":"2026-03-02T13:01:27","guid":{"rendered":"https:\/\/matrizlofts.pt\/about-us\/"},"modified":"2026-03-17T09:03:17","modified_gmt":"2026-03-17T09:03:17","slug":"about-us","status":"publish","type":"page","link":"https:\/\/matrizlofts.pt\/en\/about-us\/","title":{"rendered":"about-us"},"content":{"rendered":"<div class=\"wpb-content-wrapper\"><p>[vc_row el_class=&#8221;inicioS&#8221; css=&#8221;.vc_custom_1772468017773{background-image: url(https:\/\/matrizlofts.pt\/wp-content\/uploads\/2026\/03\/big-pt-183-about-1jpg-1.jpg?id=64) !important;}&#8221;][vc_column][vc_column_text el_class=&#8221;tituloS&#8221;]<\/p>\n<h1 style=\"text-align: center;\">Descubra esta ilha m\u00e1gica conosco<\/h1>\n<p>[\/vc_column_text][vc_column_text el_class=&#8221;textoS&#8221;]Matriz Lofts[\/vc_column_text][vc_single_image image=&#8221;57&#8243; img_size=&#8221;full&#8221;][\/vc_column][\/vc_row][vc_row css_animation=&#8221;fadeInUp&#8221; el_class=&#8221;part1S&#8221;][vc_column width=&#8221;1\/2&#8243;][vc_column_text el_class=&#8221;text1-part1&#8243;]<\/p>\n<h2>Bem-vindo ao matriz lofts<\/h2>\n<p>O Matriz Lofts, localizados numa das principais ruas de Ponta Delgada, foram recuperados, remodelados e transformados em 3 modernos e acolhedores apartamentos, decorados com discri\u00e7\u00e3o e minimalismo. Nosso objetivo \u00e9 proporcionar tudo o que esteja ao nosso alcance para uma estadia confort\u00e1vel e agrad\u00e1vel e fazer com que nossos h\u00f3spedes se sintam em casa. Fazemos parte da imagem dos A\u00e7ores e queremos que os nossos anfitri\u00f5es compreendam, vivam e desfrutem de uma forma muito especial a sua estadia[\/vc_column_text][vc_single_image image=&#8221;16&#8243; img_size=&#8221;full&#8221; el_class=&#8221;img-red&#8221;][vc_column_text el_class=&#8221;reserve&#8221;]<a href=\"#book\">Reserve<\/a><br \/>\n<img loading=\"lazy\" decoding=\"async\" class=\"alignnone size-full wp-image-20\" src=\"https:\/\/matrizlofts.pt\/wp-content\/uploads\/2026\/02\/Group-Copy-2.png\" alt=\"\" width=\"35\" height=\"10\" \/>[\/vc_column_text][\/vc_column][vc_column width=&#8221;1\/2&#8243; el_class=&#8221;part1-imagens&#8221;][vc_single_image image=&#8221;61&#8243; img_size=&#8221;full&#8221; el_class=&#8221;a&#8221;][vc_single_image image=&#8221;60&#8243; img_size=&#8221;full&#8221; el_class=&#8221;b&#8221;][\/vc_column][\/vc_row][vc_row css_animation=&#8221;fadeInUp&#8221; el_class=&#8221;costumes&#8221;][vc_column width=&#8221;1\/2&#8243; el_class=&#8221;img-costumes&#8221;][vc_single_image image=&#8221;59&#8243; img_size=&#8221;full&#8221; el_class=&#8221;c&#8221;][vc_single_image image=&#8221;58&#8243; img_size=&#8221;full&#8221; el_class=&#8221;d&#8221;][\/vc_column][vc_column width=&#8221;1\/2&#8243;][vc_column_text el_class=&#8221;costumes-text&#8221;]<\/p>\n<h2>Nossos costumes<\/h2>\n<p>Na Matriz Lofts, temos orgulho de sermos ecologicamente corretos e autossustent\u00e1veis sempre que poss\u00edvel. Instalamos tecnologias de economia de energia, adotamos a reciclagem, escolhemos produtos de limpeza naturais e ecol\u00f3gicos e apoiamos empresas locais sustent\u00e1veis. Queremos viver num mundo onde o consumo n\u00e3o sacrifique o nosso planeta.[\/vc_column_text][vc_column_text el_class=&#8221;dicas&#8221;]Dicas para nos ajudar nesta missao<img loading=\"lazy\" decoding=\"async\" class=\"alignnone size-full wp-image-20\" src=\"https:\/\/matrizlofts.pt\/wp-content\/uploads\/2026\/02\/Group-Copy-2.png\" alt=\"\" width=\"35\" height=\"10\" \/>[\/vc_column_text][\/vc_column][\/vc_row][vc_row el_class=&#8221;exemplo&#8221;][vc_column][vc_row_inner el_class=&#8221;missao&#8221;][vc_column_inner el_class=&#8221;ex&#8221; width=&#8221;1\/4&#8243;][vc_column_text css_animation=&#8221;fadeInUp&#8221; el_class=&#8221;ex-T&#8221;]<\/p>\n<h2>Economize \u00e1gua<\/h2>\n<p>Esteja atento ao uso de \u00e1gua e reutilize toalhas quando poss\u00edvel.[\/vc_column_text][\/vc_column_inner][vc_column_inner el_class=&#8221;ex&#8221; width=&#8221;1\/4&#8243;][vc_column_text css_animation=&#8221;fadeInUp&#8221; el_class=&#8221;ex-T&#8221;]<\/p>\n<h2>Economize energia<\/h2>\n<p>Desligue as luzes e o A\/C ao sair do apartamento.[\/vc_column_text][\/vc_column_inner][vc_column_inner el_class=&#8221;ex&#8221; width=&#8221;1\/4&#8243;][vc_column_text css_animation=&#8221;fadeInUp&#8221; el_class=&#8221;ex-T&#8221;]<\/p>\n<h2>Reduzir \/ reutilizar<\/h2>\n<p>Recicle, evite produtos descart\u00e1veis e elimine o pl\u00e1stico.[\/vc_column_text][\/vc_column_inner][vc_column_inner el_class=&#8221;ex&#8221; width=&#8221;1\/4&#8243;][vc_column_text css_animation=&#8221;fadeInUp&#8221; el_class=&#8221;ex-T&#8221;]<\/p>\n<h2>Respeite a natureza<\/h2>\n<p>Compre alimentos locais, sazonais e ecol\u00f3gicos.[\/vc_column_text][\/vc_column_inner][\/vc_row_inner][\/vc_column][\/vc_row][vc_row el_class=&#8221;slide-5&#8243; el_id=&#8221;book&#8221;][vc_column][vc_raw_html]JTNDaWZyYW1lJTIwc3JjJTNEJTIyaHR0cHMlM0ElMkYlMkZtYXRyaXotbG9mdHMuYW1lbml0aXouaW8lMkZwdCUyRmJvb2tpbmclMkZyb29tJTIyJTIwJTBBJTIwJTIwJTIwJTIwJTIwJTIwJTIwJTIwZnJhbWVib3JkZXIlM0QlMjIwJTIyJTBBc3R5bGUlM0QlMjIlMEElMjAlMjAlMjAlMjBoZWlnaHQlM0ElMjAxMDB2aCUzQiUwQSUyMCUyMCUyMCUyMHdpZHRoJTNBJTIwMTAwJTI1JTNCJTBBJTIwJTIwJTIwJTIwcG9zaXRpb24lM0ElMjBhYnNvbHV0ZSUzQiUwQSUyMiUzRSUwQSUzQyUyRmlmcmFtZSUzRQ==[\/vc_raw_html][vc_single_image image=&#8221;16&#8243; img_size=&#8221;full&#8221;][\/vc_column][\/vc_row]<\/p>\n<\/div>","protected":false},"excerpt":{"rendered":"<p>[vc_row el_class=&#8221;inicioS&#8221; css=&#8221;.vc_custom_1772468017773{background-image: url(https:\/\/matrizlofts.pt\/wp-content\/uploads\/2026\/03\/big-pt-183-about-1jpg-1.jpg?id=64) !important;}&#8221;][vc_column][vc_column_text el_class=&#8221;tituloS&#8221;] Descubra esta ilha m\u00e1gica conosco [\/vc_column_text][vc_column_text el_class=&#8221;textoS&#8221;]Matriz Lofts[\/vc_column_text][vc_single_image image=&#8221;57&#8243; img_size=&#8221;full&#8221;][\/vc_column][\/vc_row][vc_row css_animation=&#8221;fadeInUp&#8221; el_class=&#8221;part1S&#8221;][vc_column width=&#8221;1\/2&#8243;][vc_column_text el_class=&#8221;text1-part1&#8243;] Bem-vindo ao matriz lofts O Matriz Lofts, localizados numa das principais ruas de Ponta Delgada, foram recuperados, remodelados e transformados em 3 modernos e acolhedores apartamentos, decorados com discri\u00e7\u00e3o e minimalismo. Nosso objetivo \u00e9 proporcionar [&hellip;]<\/p>\n","protected":false},"author":1,"featured_media":0,"parent":0,"menu_order":0,"comment_status":"closed","ping_status":"closed","template":"","meta":{"footnotes":""},"class_list":["post-275","page","type-page","status-publish","hentry"],"_links":{"self":[{"href":"https:\/\/matrizlofts.pt\/en\/wp-json\/wp\/v2\/pages\/275","targetHints":{"allow":["GET"]}}],"collection":[{"href":"https:\/\/matrizlofts.pt\/en\/wp-json\/wp\/v2\/pages"}],"about":[{"href":"https:\/\/matrizlofts.pt\/en\/wp-json\/wp\/v2\/types\/page"}],"author":[{"embeddable":true,"href":"https:\/\/matrizlofts.pt\/en\/wp-json\/wp\/v2\/users\/1"}],"replies":[{"embeddable":true,"href":"https:\/\/matrizlofts.pt\/en\/wp-json\/wp\/v2\/comments?post=275"}],"version-history":[{"count":0,"href":"https:\/\/matrizlofts.pt\/en\/wp-json\/wp\/v2\/pages\/275\/revisions"}],"wp:attachment":[{"href":"https:\/\/matrizlofts.pt\/en\/wp-json\/wp\/v2\/media?parent=275"}],"curies":[{"name":"wp","href":"https:\/\/api.w.org\/{rel}","templated":true}]}}